{"id":28,"date":"2023-01-08T16:04:22","date_gmt":"2023-01-08T15:04:22","guid":{"rendered":"http:\/\/www.portambonne232.be\/?page_id=28"},"modified":"2024-04-24T17:43:58","modified_gmt":"2024-04-24T15:43:58","slug":"page-daccueil","status":"publish","type":"page","link":"https:\/\/www.portambonne232.be\/","title":{"rendered":"Page d&rsquo;accueil"},"content":{"rendered":"\n<p class=\"has-text-align-left has-normal-font-size\">Bonjour et Bienvenue sur le site web de notre appartement situ\u00e9 dans le complexe de Port Ambonne au Cap d&rsquo;Agde.<\/p>\n\n\n\n<p class=\"has-text-align-left has-normal-font-size\">Vous trouverez sur ce site les informations utiles pour \u00e9ventuellement r\u00e9server votre s\u00e9jour.<\/p>\n\n\n\n<p class=\"has-text-align-left has-normal-font-size\">N&rsquo;h\u00e9sitez toutefois pas \u00e0 prendre contact (via la page pr\u00e9vue \u00e0 cet effet) en cas de questions.<\/p>\n\n\n\n<p class=\"has-text-align-left has-normal-font-size\">Nous vous souhaitons une agr\u00e9able visite sur notre site web et&#8230;qui sait, peut \u00eatre \u00e0 tr\u00e8s bient\u00f4t au Cap d&rsquo;Agde<br> <\/p>\n\n\n\n<h2 class=\"wp-block-heading has-normal-font-size\">L&rsquo;appartement comprend<\/h2>\n\n\n\n<ul class=\"wp-block-list\">\n<li>Climatisation<\/li>\n\n\n\n<li>Chambre s\u00e9par\u00e9e avec lit de 160 cm sur 200 cm avec grand dressing ouvert, TV<\/li>\n\n\n\n<li>Coffre fort avec code<\/li>\n\n\n\n<li>Salon avec canap\u00e9, tables basses, meubles, TV, fibre Internet, enceinte connect\u00e9e<\/li>\n\n\n\n<li>Cuisine \u00e9quip\u00e9e avec micro-onde, frigo, taque \u00e9lectrique, four traditionnel, table haute, 4 chaises hautes<\/li>\n\n\n\n<li>Salle de bain avec douche, \u00e9vier, miroir et WC<\/li>\n\n\n\n<li>Terrasse de 15m2 orient\u00e9e plein Sud avec 1 table, 4 chaises avec coussins et 2 transats<\/li>\n\n\n\n<li>Place de parking s\u00e9curis\u00e9e<\/li>\n<\/ul>\n\n\n<div class=\"wp-block-image\">\n<figure class=\"aligncenter size-large\"><img loading=\"lazy\" decoding=\"async\" width=\"1024\" height=\"680\" src=\"https:\/\/www.portambonne232.be\/wp-content\/uploads\/2023\/01\/appartcap-14-1024x680.jpg\" alt=\"\" class=\"wp-image-70\" srcset=\"https:\/\/www.portambonne232.be\/wp-content\/uploads\/2023\/01\/appartcap-14-1024x680.jpg 1024w, https:\/\/www.portambonne232.be\/wp-content\/uploads\/2023\/01\/appartcap-14-300x199.jpg 300w, https:\/\/www.portambonne232.be\/wp-content\/uploads\/2023\/01\/appartcap-14-768x510.jpg 768w, https:\/\/www.portambonne232.be\/wp-content\/uploads\/2023\/01\/appartcap-14-1536x1020.jpg 1536w, https:\/\/www.portambonne232.be\/wp-content\/uploads\/2023\/01\/appartcap-14-2048x1360.jpg 2048w, https:\/\/www.portambonne232.be\/wp-content\/uploads\/2023\/01\/appartcap-14-1240x824.jpg 1240w, https:\/\/www.portambonne232.be\/wp-content\/uploads\/2023\/01\/appartcap-14-508x337.jpg 508w\" sizes=\"auto, (max-width: 1024px) 100vw, 1024px\" \/><\/figure>\n<\/div>\n\n\n<p><br><\/p>\n\n\n\n<p><\/p>\n","protected":false},"excerpt":{"rendered":"<p>Bonjour et Bienvenue sur le site web de notre appartement situ\u00e9 dans le complexe de Port Ambonne au Cap d&rsquo;Agde. Vous trouverez sur ce site les informations utiles pour \u00e9ventuellement r\u00e9server votre s\u00e9jour. N&rsquo;h\u00e9sitez toutefois pas \u00e0 prendre contact (via la page pr\u00e9vue \u00e0 cet effet) en cas de questions. Nous vous souhaitons une agr\u00e9able [&hellip;]<\/p>\n","protected":false},"author":1,"featured_media":0,"parent":0,"menu_order":0,"comment_status":"closed","ping_status":"closed","template":"","meta":{"footnotes":""},"class_list":["post-28","page","type-page","status-publish","hentry"],"_links":{"self":[{"href":"https:\/\/www.portambonne232.be\/index.php\/wp-json\/wp\/v2\/pages\/28","targetHints":{"allow":["GET"]}}],"collection":[{"href":"https:\/\/www.portambonne232.be\/index.php\/wp-json\/wp\/v2\/pages"}],"about":[{"href":"https:\/\/www.portambonne232.be\/index.php\/wp-json\/wp\/v2\/types\/page"}],"author":[{"embeddable":true,"href":"https:\/\/www.portambonne232.be\/index.php\/wp-json\/wp\/v2\/users\/1"}],"replies":[{"embeddable":true,"href":"https:\/\/www.portambonne232.be\/index.php\/wp-json\/wp\/v2\/comments?post=28"}],"version-history":[{"count":21,"href":"https:\/\/www.portambonne232.be\/index.php\/wp-json\/wp\/v2\/pages\/28\/revisions"}],"predecessor-version":[{"id":235,"href":"https:\/\/www.portambonne232.be\/index.php\/wp-json\/wp\/v2\/pages\/28\/revisions\/235"}],"wp:attachment":[{"href":"https:\/\/www.portambonne232.be\/index.php\/wp-json\/wp\/v2\/media?parent=28"}],"curies":[{"name":"wp","href":"https:\/\/api.w.org\/{rel}","templated":true}]}}