{"id":100,"date":"2023-01-08T17:08:37","date_gmt":"2023-01-08T16:08:37","guid":{"rendered":"http:\/\/www.portambonne232.be\/?page_id=100"},"modified":"2023-11-26T16:20:46","modified_gmt":"2023-11-26T15:20:46","slug":"tarifs","status":"publish","type":"page","link":"https:\/\/www.portambonne232.be\/index.php\/tarifs\/","title":{"rendered":"Tarifs"},"content":{"rendered":"\n<h2 class=\"wp-block-heading has-normal-font-size\">Haute Saison (du 29\/06\/2024 au 31\/08\/2024)<\/h2>\n\n\n\n<p>Location du samedi au samedi pour deux personnes maximum<\/p>\n\n\n\n<p>1390 euros \/ semaine<\/p>\n\n\n\n<p>Compris : linge de lit, serviettes (essuies), nettoyage, parking, charges (eau-\u00e9lectricit\u00e9)<\/p>\n\n\n\n<p><\/p>\n\n\n\n<h2 class=\"wp-block-heading has-normal-font-size\">Moyenne Saison (du 01\/06\/2024 au 29\/06\/2024 et du 31\/08\/2024 au 05\/10\/2024)<\/h2>\n\n\n\n<p>Location minimum 3 nuits pour deux personnes maximum<\/p>\n\n\n\n<p>155 euros \/ nuit<\/p>\n\n\n\n<p>1100 euros \/ semaine<\/p>\n\n\n\n<p>Compris : linge de lit, serviettes (essuies), nettoyage, parking, charges (eau-\u00e9lectricit\u00e9)<\/p>\n\n\n\n<p><\/p>\n\n\n\n<h2 class=\"wp-block-heading has-normal-font-size\">L&rsquo;appartement comprend<\/h2>\n\n\n\n<ul class=\"wp-block-list\">\n<li>Climatisation<\/li>\n\n\n\n<li>Chambre s\u00e9par\u00e9e avec lit de 160 cm sur 200 cm avec grand dressing ouvert, TV<\/li>\n\n\n\n<li>Coffre fort avec code<\/li>\n\n\n\n<li>Salon avec canap\u00e9, tables basses, meubles, TV, fibre Internet, enceinte connect\u00e9e<\/li>\n\n\n\n<li>Cuisine \u00e9quip\u00e9e avec micro-onde, frigo, taque \u00e9lectrique, four traditionnel, table haute, 4 chaises hautes<\/li>\n\n\n\n<li>Salle de bain avec douche, \u00e9vier, miroir et WC<\/li>\n\n\n\n<li>Terrasse de 15m2 orient\u00e9e plein Sud avec 1 table, 4 chaises avec coussins et 2 transats<\/li>\n\n\n\n<li>Place de parking s\u00e9curis\u00e9e<\/li>\n<\/ul>\n\n\n\n<p><strong>Disponibilit\u00e9s :<\/strong><\/p>\n\n\n\n<p>du samedi 1\/06\/2024 au samedi 8\/06\/2024<br>du samedi 8\/06\/2024 au samedi 15\/06\/2024<br>du samedi 15\/06\/2024 au samedi 22\/06\/2024<br>du samedi 22\/06\/2024 au samedi 29\/06\/2024<br>du samedi 29\/06\/2024 au samedi 6\/07\/2024<br>du samedi 6\/07\/2024 au samedi 13\/07\/2024<br>du samedi 13\/07\/2024 au samedi 20\/07\/2024<br>du samedi 20\/07\/2024 au samedi 27\/07\/2024<br>du samedi 24\/08\/2024 au samedi 31\/08\/2024<br>du samedi 31\/08\/2024 au samedi 7\/09\/2024<br>du samedi 7\/09\/2024 au samedi 14\/09\/2024<br>du samedi 14\/09\/2024 au samedi 21\/09\/2024<br>du samedi 21\/09\/2024 au samedi 28\/09\/2024<br>du samedi 28\/09\/2024 au samedi 5\/10\/2024<\/p>\n","protected":false},"excerpt":{"rendered":"<p>Haute Saison (du 29\/06\/2024 au 31\/08\/2024) Location du samedi au samedi pour deux personnes maximum 1390 euros \/ semaine Compris : linge de lit, serviettes (essuies), nettoyage, parking, charges (eau-\u00e9lectricit\u00e9) Moyenne Saison (du 01\/06\/2024 au 29\/06\/2024 et du 31\/08\/2024 au 05\/10\/2024) Location minimum 3 nuits pour deux personnes maximum 155 euros \/ nuit 1100 euros [&hellip;]<\/p>\n","protected":false},"author":1,"featured_media":0,"parent":0,"menu_order":0,"comment_status":"closed","ping_status":"closed","template":"","meta":{"footnotes":""},"class_list":["post-100","page","type-page","status-publish","hentry"],"_links":{"self":[{"href":"https:\/\/www.portambonne232.be\/index.php\/wp-json\/wp\/v2\/pages\/100","targetHints":{"allow":["GET"]}}],"collection":[{"href":"https:\/\/www.portambonne232.be\/index.php\/wp-json\/wp\/v2\/pages"}],"about":[{"href":"https:\/\/www.portambonne232.be\/index.php\/wp-json\/wp\/v2\/types\/page"}],"author":[{"embeddable":true,"href":"https:\/\/www.portambonne232.be\/index.php\/wp-json\/wp\/v2\/users\/1"}],"replies":[{"embeddable":true,"href":"https:\/\/www.portambonne232.be\/index.php\/wp-json\/wp\/v2\/comments?post=100"}],"version-history":[{"count":9,"href":"https:\/\/www.portambonne232.be\/index.php\/wp-json\/wp\/v2\/pages\/100\/revisions"}],"predecessor-version":[{"id":232,"href":"https:\/\/www.portambonne232.be\/index.php\/wp-json\/wp\/v2\/pages\/100\/revisions\/232"}],"wp:attachment":[{"href":"https:\/\/www.portambonne232.be\/index.php\/wp-json\/wp\/v2\/media?parent=100"}],"curies":[{"name":"wp","href":"https:\/\/api.w.org\/{rel}","templated":true}]}}